{"id":167389,"date":"2025-12-18T16:44:17","date_gmt":"2025-12-18T16:44:17","guid":{"rendered":"https:\/\/metricalmedia.mx\/moseg\/?page_id=167389"},"modified":"2026-01-23T16:10:48","modified_gmt":"2026-01-23T16:10:48","slug":"cajeros-automaticos","status":"publish","type":"page","link":"https:\/\/metricalmedia.mx\/moseg\/cajeros-automaticos\/","title":{"rendered":"Atenci\u00f3n a Cajeros autom\u00e1ticos"},"content":{"rendered":"<div class=\"wpb-content-wrapper\"><p>[vc_row row_height_percent=\u00bb100&#8243; override_padding=\u00bbyes\u00bb h_padding=\u00bb2&#8243; top_padding=\u00bb5&#8243; bottom_padding=\u00bb4&#8243; back_color=\u00bbcolor-wayh\u00bb back_image=\u00bb167621&#8243; overlay_alpha=\u00bb50&#8243; gutter_size=\u00bb3&#8243; column_width_percent=\u00bb100&#8243; shift_y=\u00bb0&#8243; z_index=\u00bb0&#8243; top_divider=\u00bbgradient\u00bb enable_bottom_divider=\u00bbdefault\u00bb bottom_divider=\u00bbgradient-strong\u00bb shape_bottom_h_use_pixel=\u00bb\u00bb shape_bottom_height=\u00bb250&#8243; shape_bottom_color=\u00bbcolor-jevc\u00bb shape_bottom_opacity=\u00bb100&#8243; shape_bottom_index=\u00bb0&#8243; content_parallax=\u00bb0&#8243; uncode_shortcode_id=\u00bb131128&#8243; back_color_type=\u00bbuncode-palette\u00bb shape_bottom_color_type=\u00bbuncode-palette\u00bb][vc_column column_width_percent=\u00bb100&#8243; position_vertical=\u00bbmiddle\u00bb gutter_size=\u00bb2&#8243; style=\u00bbdark\u00bb overlay_alpha=\u00bb50&#8243; shift_x=\u00bb0&#8243; shift_y=\u00bb0&#8243; shift_y_down=\u00bb0&#8243; z_index=\u00bb0&#8243; medium_width=\u00bb0&#8243; mobile_width=\u00bb0&#8243; width=\u00bb1\/1&#8243;][vc_row_inner][vc_column_inner column_width_percent=\u00bb100&#8243; position_vertical=\u00bbmiddle\u00bb align_horizontal=\u00bbalign_center\u00bb gutter_size=\u00bb3&#8243; overlay_alpha=\u00bb50&#8243; shift_x=\u00bb0&#8243; shift_y=\u00bb0&#8243; shift_y_down=\u00bb0&#8243; z_index=\u00bb0&#8243; medium_width=\u00bb0&#8243; mobile_width=\u00bb0&#8243; width=\u00bb1\/1&#8243; uncode_shortcode_id=\u00bb705297&#8243;][vc_custom_heading heading_semantic=\u00bbh1&#8243; text_font=\u00bbfont-161747&#8243; text_size=\u00bbfontsize-155944&#8243; text_weight=\u00bb800&#8243; text_transform=\u00bbuppercase\u00bb uncode_shortcode_id=\u00bb410876&#8243;]Atenci\u00f3n a<br \/>\nCajeros autom\u00e1ticos[\/vc_custom_heading][vc_column_text text_lead=\u00bbyes\u00bb uncode_shortcode_id=\u00bb191833&#8243;]Hoy en d\u00eda, los cajeros autom\u00e1ticos representan un servicio fundamental, tanto para los clientes que dependen del acceso r\u00e1pido al efectivo, como para los bancos que los administren.[\/vc_column_text][vc_button button_color=\u00bbcolor-876026&#8243; radius=\u00bbbtn-round\u00bb border_width=\u00bb0&#8243; button_color_type=\u00bbuncode-palette\u00bb uncode_shortcode_id=\u00bb614461&#8243;]Solicitar cotizaci\u00f3n[\/vc_button][\/vc_column_inner][\/vc_row_inner][\/vc_column][\/vc_row][vc_row row_height_percent=\u00bb0&#8243; override_padding=\u00bbyes\u00bb h_padding=\u00bb2&#8243; top_padding=\u00bb2&#8243; bottom_padding=\u00bb2&#8243; overlay_alpha=\u00bb50&#8243; gutter_size=\u00bb3&#8243; column_width_percent=\u00bb100&#8243; shift_y=\u00bb0&#8243; z_index=\u00bb0&#8243; content_parallax=\u00bb0&#8243; uncode_shortcode_id=\u00bb680116&#8243;][vc_column column_width_percent=\u00bb100&#8243; align_horizontal=\u00bbalign_center\u00bb gutter_size=\u00bb3&#8243; overlay_alpha=\u00bb50&#8243; shift_x=\u00bb0&#8243; shift_y=\u00bb0&#8243; shift_y_down=\u00bb0&#8243; z_index=\u00bb0&#8243; medium_width=\u00bb0&#8243; mobile_width=\u00bb0&#8243; width=\u00bb1\/1&#8243; uncode_shortcode_id=\u00bb151530&#8243;][vc_custom_heading text_font=\u00bbfont-161747&#8243; text_size=\u00bbh1&#8243; text_weight=\u00bb800&#8243; text_transform=\u00bbuppercase\u00bb uncode_shortcode_id=\u00bb257698&#8243;]\u00bfQu\u00e9 ofrecemos?[\/vc_custom_heading][vc_column_text uncode_shortcode_id=\u00bb123444&#8243;]<strong>MOSEG<\/strong> cuenta con amplia experiencia dentro de la log\u00edstica de los cajeros autom\u00e1ticos, incluida la reposici\u00f3n y liquidaci\u00f3n de efectivo, el procesamiento de los dep\u00f3sitos, conocimiento t\u00e9cnico, e incluso, la planificaci\u00f3n de horarios de transporte para reducir costos y ofrecer un servicio eficiente.[\/vc_column_text][\/vc_column][\/vc_row][vc_row row_height_percent=\u00bb0&#8243; override_padding=\u00bbyes\u00bb h_padding=\u00bb5&#8243; top_padding=\u00bb6&#8243; bottom_padding=\u00bb2&#8243; back_image=\u00bb167399&#8243; overlay_alpha=\u00bb50&#8243; gutter_size=\u00bb3&#8243; column_width_percent=\u00bb100&#8243; shift_y=\u00bb0&#8243; z_index=\u00bb0&#8243; content_parallax=\u00bb0&#8243; uncode_shortcode_id=\u00bb197974&#8243;][vc_column width=\u00bb1\/1&#8243;][vc_row_inner][vc_column_inner column_width_percent=\u00bb100&#8243; position_vertical=\u00bbmiddle\u00bb gutter_size=\u00bb3&#8243; overlay_alpha=\u00bb50&#8243; shift_x=\u00bb0&#8243; shift_y=\u00bb0&#8243; shift_y_down=\u00bb0&#8243; z_index=\u00bb0&#8243; medium_width=\u00bb0&#8243; mobile_width=\u00bb0&#8243; width=\u00bb1\/2&#8243; uncode_shortcode_id=\u00bb197577&#8243;][vc_custom_heading text_font=\u00bbfont-161747&#8243; text_weight=\u00bb800&#8243; text_transform=\u00bbuppercase\u00bb uncode_shortcode_id=\u00bb178450&#8243;]Atenci\u00f3n a cajeros autom\u00e1ticos (ATM)[\/vc_custom_heading][vc_column_text uncode_shortcode_id=\u00bb163598&#8243;]Brindamos soporte operativo y de seguridad para el abastecimiento, resguardo y operaci\u00f3n de cajeros autom\u00e1ticos.[\/vc_column_text][uncode_list icon=\u00bbfa fa-angle-right\u00bb icon_color=\u00bbcolor-876026&#8243; uncode_shortcode_id=\u00bb153615&#8243; icon_color_type=\u00bbuncode-palette\u00bb]<\/p>\n<ul>\n<li>Abastecimiento seguro de efectivo<\/li>\n<li>Acompa\u00f1amiento de personal especializado<\/li>\n<li>Manejo confidencial y protocolos de seguridad<\/li>\n<\/ul>\n<p>[\/uncode_list][\/vc_column_inner][vc_column_inner column_width_percent=\u00bb100&#8243; position_vertical=\u00bbmiddle\u00bb gutter_size=\u00bb3&#8243; overlay_alpha=\u00bb50&#8243; shift_x=\u00bb0&#8243; shift_y=\u00bb0&#8243; shift_y_down=\u00bb0&#8243; z_index=\u00bb0&#8243; medium_width=\u00bb0&#8243; mobile_width=\u00bb0&#8243; width=\u00bb1\/2&#8243; uncode_shortcode_id=\u00bb621992&#8243;][vc_single_image media=\u00bb167632&#8243; media_width_percent=\u00bb100&#8243; uncode_shortcode_id=\u00bb164361&#8243;][\/vc_column_inner][\/vc_row_inner][\/vc_column][\/vc_row][vc_row row_height_percent=\u00bb0&#8243; override_padding=\u00bbyes\u00bb h_padding=\u00bb2&#8243; top_padding=\u00bb4&#8243; bottom_padding=\u00bb1&#8243; back_image=\u00bb167406&#8243; overlay_color=\u00bbcolor-jevc\u00bb overlay_alpha=\u00bb69&#8243; gutter_size=\u00bb3&#8243; column_width_percent=\u00bb100&#8243; shift_y=\u00bb0&#8243; z_index=\u00bb0&#8243; content_parallax=\u00bb0&#8243; uncode_shortcode_id=\u00bb599501&#8243; overlay_color_type=\u00bbuncode-palette\u00bb][vc_column column_width_percent=\u00bb100&#8243; align_horizontal=\u00bbalign_center\u00bb gutter_size=\u00bb3&#8243; overlay_alpha=\u00bb50&#8243; shift_x=\u00bb0&#8243; shift_y=\u00bb0&#8243; shift_y_down=\u00bb0&#8243; z_index=\u00bb0&#8243; medium_width=\u00bb0&#8243; mobile_width=\u00bb0&#8243; width=\u00bb1\/1&#8243; uncode_shortcode_id=\u00bb343541&#8243;][vc_custom_heading text_weight=\u00bb200&#8243; uncode_shortcode_id=\u00bb228274&#8243;]En nuestra sala de proceso se cuenta con est\u00e1ndares de clase mundial y tecnolog\u00eda avanzada que es empleada para el recuento y selecci\u00f3n de billetes, lo que permite realizar las dotaciones necesarias que garantizan el \u00f3ptimo funcionamiento de la red de cajeros de cada uno de nuestros clientes.[\/vc_custom_heading][vc_empty_space empty_h=\u00bb2&#8243;][vc_gallery el_id=\u00bbgallery-1029862&#8243; type=\u00bbcss_grid\u00bb medias=\u00bb167394,167395,167397,167566&#8243; gallery_visible=\u00bb4&#8243; screen_lg_items=\u00bb4&#8243; screen_lg_breakpoint=\u00bb1000&#8243; screen_md_items=\u00bb2&#8243; screen_md_breakpoint=\u00bb600&#8243; screen_sm_items=\u00bb1&#8243; screen_sm_breakpoint=\u00bb480&#8243; gutter_size=\u00bb3&#8243; media_items=\u00bbmedia|lightbox|original\u00bb css_grid_images_size=\u00bbone-one\u00bb single_style=\u00bbdark\u00bb single_overlay_opacity=\u00bb50&#8243; single_padding=\u00bb2&#8243; single_border=\u00bbyes\u00bb uncode_shortcode_id=\u00bb171382&#8243;][vc_empty_space empty_h=\u00bb4&#8243;][vc_custom_heading text_font=\u00bbfont-161747&#8243; text_size=\u00bbh1&#8243; text_weight=\u00bb800&#8243; text_transform=\u00bbuppercase\u00bb uncode_shortcode_id=\u00bb172838&#8243;]Nuestra experiencia[\/vc_custom_heading][vc_column_text uncode_shortcode_id=\u00bb161366&#8243;]<strong>MOSEG<\/strong> cuenta con colaboradores experimentados y equipos de \u00faltima generaci\u00f3n que nos permiten realizar el procesamiento del efectivo de nuestros clientes de manera \u00e1gil y segura.<br \/>\nBrindamos soluciones integrales en la administraci\u00f3n del efectivo dise\u00f1adas para satisfacer las necesidades de cada una de las instituciones financieras. Adem\u00e1s, preparamos informes completos que dan visibilidad a nuestros clientes e instituciones financieras sobre la administraci\u00f3n de la tesorer\u00eda de sus fondos[\/vc_column_text][\/vc_column][\/vc_row][vc_row unlock_row_content=\u00bbyes\u00bb row_height_percent=\u00bb0&#8243; override_padding=\u00bbyes\u00bb h_padding=\u00bb2&#8243; top_padding=\u00bb4&#8243; bottom_padding=\u00bb1&#8243; back_image=\u00bb167406&#8243; overlay_color=\u00bbcolor-jevc\u00bb overlay_alpha=\u00bb78&#8243; gutter_size=\u00bb3&#8243; column_width_percent=\u00bb100&#8243; shift_y=\u00bb0&#8243; z_index=\u00bb0&#8243; content_parallax=\u00bb0&#8243; uncode_shortcode_id=\u00bb184337&#8243; overlay_color_type=\u00bbuncode-palette\u00bb][vc_column column_width_percent=\u00bb100&#8243; position_vertical=\u00bbmiddle\u00bb align_horizontal=\u00bbalign_center\u00bb gutter_size=\u00bb4&#8243; overlay_alpha=\u00bb50&#8243; shift_x=\u00bb0&#8243; shift_y=\u00bb0&#8243; shift_y_down=\u00bb0&#8243; z_index=\u00bb0&#8243; medium_width=\u00bb0&#8243; mobile_width=\u00bb0&#8243; width=\u00bb1\/1&#8243; uncode_shortcode_id=\u00bb207789&#8243;][vc_row_inner row_inner_height_percent=\u00bb0&#8243; overlay_alpha=\u00bb50&#8243; gutter_size=\u00bb4&#8243; shift_y=\u00bb0&#8243; z_index=\u00bb0&#8243; uncode_shortcode_id=\u00bb955696&#8243; row_height_pixel=\u00bb600&#8243;][vc_column_inner column_width_percent=\u00bb100&#8243; align_horizontal=\u00bbalign_center\u00bb gutter_size=\u00bb3&#8243; overlay_alpha=\u00bb50&#8243; shift_x=\u00bb0&#8243; shift_y=\u00bb0&#8243; shift_y_down=\u00bb0&#8243; z_index=\u00bb0&#8243; medium_width=\u00bb3&#8243; mobile_width=\u00bb0&#8243; width=\u00bb1\/3&#8243; uncode_shortcode_id=\u00bb507112&#8243;][vc_icon icon=\u00bbfa fa-layers2&#8243; icon_image=\u00bb167662&#8243; icon_color=\u00bbaccent\u00bb media_size=\u00bb80&#8243; text_size=\u00bbh4&#8243; title=\u00bbTransparencia\u00bb uncode_shortcode_id=\u00bb208679&#8243; icon_color_type=\u00bbuncode-palette\u00bb][\/vc_icon][\/vc_column_inner][vc_column_inner column_width_percent=\u00bb100&#8243; align_horizontal=\u00bbalign_center\u00bb gutter_size=\u00bb3&#8243; overlay_alpha=\u00bb50&#8243; shift_x=\u00bb0&#8243; shift_y=\u00bb0&#8243; shift_y_down=\u00bb0&#8243; z_index=\u00bb0&#8243; medium_width=\u00bb3&#8243; mobile_width=\u00bb0&#8243; width=\u00bb1\/3&#8243; uncode_shortcode_id=\u00bb141244&#8243;][vc_icon icon=\u00bbfa fa-layers2&#8243; icon_image=\u00bb167661&#8243; icon_color=\u00bbaccent\u00bb media_size=\u00bb80&#8243; text_size=\u00bbh4&#8243; title=\u00bbEficiencia\u00bb uncode_shortcode_id=\u00bb196234&#8243; icon_color_type=\u00bbuncode-palette\u00bb][\/vc_icon][\/vc_column_inner][vc_column_inner column_width_percent=\u00bb100&#8243; align_horizontal=\u00bbalign_center\u00bb gutter_size=\u00bb3&#8243; overlay_alpha=\u00bb50&#8243; shift_x=\u00bb0&#8243; shift_y=\u00bb0&#8243; shift_y_down=\u00bb0&#8243; z_index=\u00bb0&#8243; medium_width=\u00bb3&#8243; mobile_width=\u00bb0&#8243; width=\u00bb1\/3&#8243; uncode_shortcode_id=\u00bb334175&#8243;][vc_icon icon=\u00bbfa fa-layers2&#8243; icon_image=\u00bb167660&#8243; icon_color=\u00bbaccent\u00bb media_size=\u00bb80&#8243; text_size=\u00bbh4&#8243; title=\u00bbSeguridad y control\u00bb uncode_shortcode_id=\u00bb169209&#8243; icon_color_type=\u00bbuncode-palette\u00bb][\/vc_icon][\/vc_column_inner][\/vc_row_inner][vc_empty_space empty_h=\u00bb5&#8243;][\/vc_column][\/vc_row]<\/p>\n<\/div>","protected":false},"excerpt":{"rendered":"<p>[vc_row row_height_percent=\u00bb100&#8243; override_padding=\u00bbyes\u00bb h_padding=\u00bb2&#8243; top_padding=\u00bb5&#8243; bottom_padding=\u00bb4&#8243; back_color=\u00bbcolor-wayh\u00bb back_image=\u00bb167621&#8243; overlay_alpha=\u00bb50&#8243; gutter_size=\u00bb3&#8243; column_width_percent=\u00bb100&#8243; shift_y=\u00bb0&#8243; z_index=\u00bb0&#8243; top_divider=\u00bbgradient\u00bb enable_bottom_divider=\u00bbdefault\u00bb bottom_divider=\u00bbgradient-strong\u00bb shape_bottom_h_use_pixel=\u00bb\u00bb shape_bottom_height=\u00bb250&#8243; shape_bottom_color=\u00bbcolor-jevc\u00bb shape_bottom_opacity=\u00bb100&#8243; [&hellip;]<\/p>\n","protected":false},"author":1,"featured_media":0,"parent":0,"menu_order":0,"comment_status":"closed","ping_status":"closed","template":"","meta":{"footnotes":""},"class_list":["post-167389","page","type-page","status-publish","hentry"],"_links":{"self":[{"href":"https:\/\/metricalmedia.mx\/moseg\/wp-json\/wp\/v2\/pages\/167389","targetHints":{"allow":["GET"]}}],"collection":[{"href":"https:\/\/metricalmedia.mx\/moseg\/wp-json\/wp\/v2\/pages"}],"about":[{"href":"https:\/\/metricalmedia.mx\/moseg\/wp-json\/wp\/v2\/types\/page"}],"author":[{"embeddable":true,"href":"https:\/\/metricalmedia.mx\/moseg\/wp-json\/wp\/v2\/users\/1"}],"replies":[{"embeddable":true,"href":"https:\/\/metricalmedia.mx\/moseg\/wp-json\/wp\/v2\/comments?post=167389"}],"version-history":[{"count":42,"href":"https:\/\/metricalmedia.mx\/moseg\/wp-json\/wp\/v2\/pages\/167389\/revisions"}],"predecessor-version":[{"id":167664,"href":"https:\/\/metricalmedia.mx\/moseg\/wp-json\/wp\/v2\/pages\/167389\/revisions\/167664"}],"wp:attachment":[{"href":"https:\/\/metricalmedia.mx\/moseg\/wp-json\/wp\/v2\/media?parent=167389"}],"curies":[{"name":"wp","href":"https:\/\/api.w.org\/{rel}","templated":true}]}}