{"id":167455,"date":"2025-12-19T18:37:20","date_gmt":"2025-12-19T18:37:20","guid":{"rendered":"https:\/\/metricalmedia.mx\/moseg\/?page_id=167455"},"modified":"2026-01-23T15:48:19","modified_gmt":"2026-01-23T15:48:19","slug":"custodia-al-transporte-y-bienes","status":"publish","type":"page","link":"https:\/\/metricalmedia.mx\/moseg\/custodia-al-transporte-y-bienes\/","title":{"rendered":"Custodia al transporte y bienes"},"content":{"rendered":"<div class=\"wpb-content-wrapper\"><p>[vc_row row_height_percent=\u00bb100&#8243; override_padding=\u00bbyes\u00bb h_padding=\u00bb2&#8243; top_padding=\u00bb5&#8243; bottom_padding=\u00bb4&#8243; back_color=\u00bbcolor-wayh\u00bb back_image=\u00bb167593&#8243; overlay_alpha=\u00bb50&#8243; gutter_size=\u00bb3&#8243; column_width_percent=\u00bb100&#8243; shift_y=\u00bb0&#8243; z_index=\u00bb0&#8243; top_divider=\u00bbgradient\u00bb enable_bottom_divider=\u00bbdefault\u00bb bottom_divider=\u00bbgradient-strong\u00bb shape_bottom_h_use_pixel=\u00bb\u00bb shape_bottom_height=\u00bb250&#8243; shape_bottom_color=\u00bbcolor-jevc\u00bb shape_bottom_opacity=\u00bb100&#8243; shape_bottom_index=\u00bb0&#8243; content_parallax=\u00bb0&#8243; uncode_shortcode_id=\u00bb646232&#8243; back_color_type=\u00bbuncode-palette\u00bb shape_bottom_color_type=\u00bbuncode-palette\u00bb][vc_column column_width_percent=\u00bb100&#8243; position_vertical=\u00bbmiddle\u00bb gutter_size=\u00bb2&#8243; style=\u00bbdark\u00bb overlay_alpha=\u00bb50&#8243; shift_x=\u00bb0&#8243; shift_y=\u00bb0&#8243; shift_y_down=\u00bb0&#8243; z_index=\u00bb0&#8243; medium_width=\u00bb0&#8243; mobile_width=\u00bb0&#8243; width=\u00bb1\/1&#8243;][vc_row_inner][vc_column_inner column_width_percent=\u00bb100&#8243; position_vertical=\u00bbmiddle\u00bb align_horizontal=\u00bbalign_center\u00bb gutter_size=\u00bb3&#8243; overlay_alpha=\u00bb50&#8243; shift_x=\u00bb0&#8243; shift_y=\u00bb0&#8243; shift_y_down=\u00bb0&#8243; z_index=\u00bb0&#8243; medium_width=\u00bb0&#8243; mobile_width=\u00bb0&#8243; width=\u00bb1\/1&#8243; uncode_shortcode_id=\u00bb705297&#8243;][vc_custom_heading heading_semantic=\u00bbh1&#8243; text_font=\u00bbfont-161747&#8243; text_size=\u00bbfontsize-155944&#8243; text_weight=\u00bb800&#8243; text_transform=\u00bbuppercase\u00bb uncode_shortcode_id=\u00bb150544&#8243;]Custodia al<br \/>\ntransporte y bienes de alto valor[\/vc_custom_heading][vc_column_text text_lead=\u00bbyes\u00bb uncode_shortcode_id=\u00bb125157&#8243;]Protegemos tus valores, tu mercanc\u00eda y tus rutas con soluciones de seguridad profesional hechas a la medida de tu operaci\u00f3n.[\/vc_column_text][vc_button button_color=\u00bbcolor-876026&#8243; radius=\u00bbbtn-round\u00bb border_width=\u00bb0&#8243; button_color_type=\u00bbuncode-palette\u00bb uncode_shortcode_id=\u00bb614461&#8243;]Solicitar cotizaci\u00f3n[\/vc_button][\/vc_column_inner][\/vc_row_inner][\/vc_column][\/vc_row][vc_row row_height_percent=\u00bb0&#8243; override_padding=\u00bbyes\u00bb h_padding=\u00bb2&#8243; top_padding=\u00bb3&#8243; bottom_padding=\u00bb3&#8243; back_image=\u00bb167406&#8243; back_position=\u00bbcenter center\u00bb overlay_color=\u00bbcolor-jevc\u00bb overlay_alpha=\u00bb50&#8243; gutter_size=\u00bb4&#8243; column_width_percent=\u00bb100&#8243; shift_y=\u00bb0&#8243; z_index=\u00bb0&#8243; content_parallax=\u00bb0&#8243; uncode_shortcode_id=\u00bb134515&#8243; overlay_color_type=\u00bbuncode-palette\u00bb][vc_column column_width_percent=\u00bb100&#8243; align_horizontal=\u00bbalign_center\u00bb gutter_size=\u00bb4&#8243; overlay_alpha=\u00bb50&#8243; shift_x=\u00bb0&#8243; shift_y=\u00bb0&#8243; shift_y_down=\u00bb0&#8243; z_index=\u00bb0&#8243; medium_width=\u00bb0&#8243; mobile_width=\u00bb0&#8243; width=\u00bb1\/1&#8243; uncode_shortcode_id=\u00bb810270&#8243;][vc_custom_heading text_font=\u00bbfont-161747&#8243; text_size=\u00bbh1&#8243; text_weight=\u00bb800&#8243; text_transform=\u00bbuppercase\u00bb uncode_shortcode_id=\u00bb257698&#8243;]\u00bfQu\u00e9 ofrecemos?[\/vc_custom_heading][vc_column_text uncode_shortcode_id=\u00bb205315&#8243;]En MOSEG protegemos tus traslados, unidades, operadores y mercanc\u00edas con esquemas de custodia dise\u00f1ados seg\u00fan el nivel de riesgo de tu operaci\u00f3n. Combinamos personal de seguridad, monitoreo y planeaci\u00f3n de rutas para que tu carga llegue segura y sin interrupciones. Ideal para empresas de log\u00edstica, transporte, retail, valores y cualquier organizaci\u00f3n que mueva activos sensibles.[\/vc_column_text][vc_row_inner row_inner_height_percent=\u00bb0&#8243; overlay_alpha=\u00bb50&#8243; gutter_size=\u00bb4&#8243; shift_y=\u00bb0&#8243; z_index=\u00bb0&#8243; limit_content=\u00bb\u00bb uncode_shortcode_id=\u00bb134335&#8243;][vc_column_inner column_width_use_pixel=\u00bbyes\u00bb align_horizontal=\u00bbalign_center\u00bb gutter_size=\u00bb2&#8243; overlay_alpha=\u00bb50&#8243; shift_x=\u00bb0&#8243; shift_y=\u00bb0&#8243; shift_y_down=\u00bb0&#8243; z_index=\u00bb0&#8243; medium_width=\u00bb0&#8243; mobile_width=\u00bb0&#8243; width=\u00bb1\/1&#8243; uncode_shortcode_id=\u00bb117927&#8243;][vc_custom_heading text_font=\u00bbfont-161747&#8243; text_size=\u00bbh1&#8243; text_weight=\u00bb800&#8243; text_transform=\u00bbuppercase\u00bb uncode_shortcode_id=\u00bb687328&#8243;]Custodia en tr\u00e1nsito[\/vc_custom_heading][vc_column_text text_lead=\u00bbyes\u00bb uncode_shortcode_id=\u00bb614311&#8243;]Acompa\u00f1amiento f\u00edsico de la unidad durante todo el recorrido. Se asignan oficiales y, cuando aplica , veh\u00edculos de apoyo para disuadir intentos de robo o interferencia.[\/vc_column_text][\/vc_column_inner][\/vc_row_inner][vc_row_inner row_inner_height_percent=\u00bb0&#8243; overlay_alpha=\u00bb50&#8243; gutter_size=\u00bb4&#8243; shift_y=\u00bb0&#8243; z_index=\u00bb0&#8243; limit_content=\u00bb\u00bb uncode_shortcode_id=\u00bb584301&#8243;][vc_column_inner column_width_percent=\u00bb100&#8243; gutter_size=\u00bb3&#8243; overlay_alpha=\u00bb50&#8243; shift_x=\u00bb0&#8243; shift_y=\u00bb0&#8243; shift_y_down=\u00bb0&#8243; z_index=\u00bb0&#8243; medium_width=\u00bb3&#8243; mobile_width=\u00bb0&#8243; width=\u00bb1\/3&#8243; uncode_shortcode_id=\u00bb162781&#8243;][vc_single_image media=\u00bb167597&#8243; media_width_percent=\u00bb100&#8243; media_ratio=\u00bbfour-five\u00bb advanced=\u00bbyes\u00bb media_items=\u00bbmedia|original,title\u00bb media_overlay_color=\u00bbcolor-prif\u00bb media_overlay_coloration=\u00bbbottom_gradient\u00bb media_overlay_opacity=\u00bb100&#8243; media_overlay_visible=\u00bbyes\u00bb media_text_visible=\u00bbyes\u00bb media_h_align=\u00bbcenter\u00bb media_v_position=\u00bbbottom\u00bb media_h_position=\u00bbcenter\u00bb media_padding=\u00bb2&#8243; media_title_dimension=\u00bbh3&#8243; media_title_weight=\u00bb400&#8243; css_animation=\u00bbparallax\u00bb parallax_intensity=\u00bb3&#8243; uncode_shortcode_id=\u00bb958331&#8243; media_overlay_color_type=\u00bbuncode-palette\u00bb media_title_custom=\u00bbSeguimiento en tiempo real\u00bb][\/vc_column_inner][vc_column_inner column_width_percent=\u00bb100&#8243; gutter_size=\u00bb3&#8243; overlay_alpha=\u00bb50&#8243; shift_x=\u00bb0&#8243; shift_y=\u00bb0&#8243; shift_y_down=\u00bb0&#8243; z_index=\u00bb0&#8243; medium_width=\u00bb3&#8243; mobile_width=\u00bb0&#8243; width=\u00bb1\/3&#8243; uncode_shortcode_id=\u00bb108956&#8243;][vc_single_image media=\u00bb167609&#8243; media_width_percent=\u00bb100&#8243; media_ratio=\u00bbfour-five\u00bb advanced=\u00bbyes\u00bb media_items=\u00bbmedia|original,title\u00bb media_overlay_color=\u00bbcolor-prif\u00bb media_overlay_coloration=\u00bbbottom_gradient\u00bb media_overlay_opacity=\u00bb100&#8243; media_overlay_visible=\u00bbyes\u00bb media_text_visible=\u00bbyes\u00bb media_h_align=\u00bbcenter\u00bb media_v_position=\u00bbbottom\u00bb media_h_position=\u00bbcenter\u00bb media_padding=\u00bb2&#8243; media_title_dimension=\u00bbh3&#8243; media_title_weight=\u00bb400&#8243; uncode_shortcode_id=\u00bb109419&#8243; media_overlay_color_type=\u00bbuncode-palette\u00bb media_title_custom=\u00bbProtocolos de reacci\u00f3n\u00bb][\/vc_column_inner][vc_column_inner column_width_percent=\u00bb100&#8243; gutter_size=\u00bb3&#8243; overlay_alpha=\u00bb50&#8243; shift_x=\u00bb0&#8243; shift_y=\u00bb0&#8243; shift_y_down=\u00bb0&#8243; z_index=\u00bb0&#8243; medium_width=\u00bb3&#8243; mobile_width=\u00bb0&#8243; width=\u00bb1\/3&#8243; uncode_shortcode_id=\u00bb163706&#8243;][vc_single_image media=\u00bb167595&#8243; media_width_percent=\u00bb100&#8243; media_ratio=\u00bbfour-five\u00bb advanced=\u00bbyes\u00bb media_items=\u00bbmedia|original,title\u00bb media_overlay_color=\u00bbcolor-prif\u00bb media_overlay_coloration=\u00bbbottom_gradient\u00bb media_overlay_opacity=\u00bb100&#8243; media_overlay_visible=\u00bbyes\u00bb media_text_visible=\u00bbyes\u00bb media_h_align=\u00bbcenter\u00bb media_v_position=\u00bbbottom\u00bb media_h_position=\u00bbcenter\u00bb media_padding=\u00bb2&#8243; media_title_dimension=\u00bbh3&#8243; media_title_weight=\u00bb400&#8243; css_animation=\u00bbparallax\u00bb parallax_intensity=\u00bb3&#8243; uncode_shortcode_id=\u00bb188237&#8243; media_overlay_color_type=\u00bbuncode-palette\u00bb media_title_custom=\u00bbRecomendado para rutas de alto riesgo\u00bb][\/vc_column_inner][\/vc_row_inner][\/vc_column][\/vc_row][vc_row row_height_percent=\u00bb80&#8243; override_padding=\u00bbyes\u00bb h_padding=\u00bb2&#8243; top_padding=\u00bb6&#8243; bottom_padding=\u00bb3&#8243; back_image=\u00bb167399&#8243; overlay_alpha=\u00bb50&#8243; gutter_size=\u00bb3&#8243; column_width_percent=\u00bb100&#8243; shift_y=\u00bb0&#8243; z_index=\u00bb0&#8243; content_parallax=\u00bb0&#8243; uncode_shortcode_id=\u00bb149429&#8243;][vc_column column_width_percent=\u00bb100&#8243; position_vertical=\u00bbmiddle\u00bb gutter_size=\u00bb3&#8243; overlay_alpha=\u00bb50&#8243; shift_x=\u00bb0&#8243; shift_y=\u00bb0&#8243; shift_y_down=\u00bb0&#8243; z_index=\u00bb0&#8243; medium_width=\u00bb0&#8243; mobile_width=\u00bb0&#8243; width=\u00bb1\/1&#8243; uncode_shortcode_id=\u00bb137155&#8243;][vc_row_inner][vc_column_inner column_width_percent=\u00bb100&#8243; position_horizontal=\u00bbleft\u00bb position_vertical=\u00bbmiddle\u00bb gutter_size=\u00bb3&#8243; overlay_alpha=\u00bb50&#8243; shift_x=\u00bb0&#8243; shift_y=\u00bb0&#8243; shift_y_down=\u00bb0&#8243; z_index=\u00bb0&#8243; medium_width=\u00bb0&#8243; mobile_width=\u00bb0&#8243; width=\u00bb1\/2&#8243; uncode_shortcode_id=\u00bb130614&#8243;][vc_custom_heading text_font=\u00bbfont-161747&#8243; text_size=\u00bbh1&#8243; text_weight=\u00bb800&#8243; text_transform=\u00bbuppercase\u00bb uncode_shortcode_id=\u00bb143460&#8243;]Custodias virtuales[\/vc_custom_heading][vc_column_text uncode_shortcode_id=\u00bb106729&#8243;]Supervisi\u00f3n remota del viaje mediante GPS, reportes peri\u00f3dicos y puntos de control. Nuestro centro de monitoreo verifica que la unidad siga la ruta establecida y activa alertas ante desviaciones[\/vc_column_text][uncode_list icon=\u00bbfa fa-angle-right\u00bb icon_color=\u00bbcolor-876026&#8243; uncode_shortcode_id=\u00bb291683&#8243; icon_color_type=\u00bbuncode-palette\u00bb]<\/p>\n<ul>\n<li>Menor costo operativo<\/li>\n<li>Ideal para traslados frecuentes<\/li>\n<li>Evidencia del recorrido<\/li>\n<\/ul>\n<p>[\/uncode_list][\/vc_column_inner][vc_column_inner column_width_percent=\u00bb100&#8243; position_vertical=\u00bbmiddle\u00bb gutter_size=\u00bb3&#8243; overlay_alpha=\u00bb50&#8243; shift_x=\u00bb0&#8243; shift_y=\u00bb0&#8243; shift_y_down=\u00bb0&#8243; z_index=\u00bb0&#8243; medium_width=\u00bb0&#8243; mobile_width=\u00bb0&#8243; width=\u00bb1\/2&#8243; uncode_shortcode_id=\u00bb405247&#8243;][vc_single_image media=\u00bb167492&#8243; media_width_percent=\u00bb100&#8243; uncode_shortcode_id=\u00bb180954&#8243;][\/vc_column_inner][\/vc_row_inner][\/vc_column][\/vc_row][vc_row row_height_percent=\u00bb80&#8243; override_padding=\u00bbyes\u00bb h_padding=\u00bb2&#8243; top_padding=\u00bb6&#8243; bottom_padding=\u00bb6&#8243; back_image=\u00bb167381&#8243; overlay_alpha=\u00bb50&#8243; gutter_size=\u00bb3&#8243; column_width_percent=\u00bb100&#8243; shift_y=\u00bb0&#8243; z_index=\u00bb0&#8243; content_parallax=\u00bb0&#8243; uncode_shortcode_id=\u00bb170176&#8243;][vc_column column_width_percent=\u00bb100&#8243; position_vertical=\u00bbmiddle\u00bb gutter_size=\u00bb3&#8243; overlay_alpha=\u00bb50&#8243; shift_x=\u00bb0&#8243; shift_y=\u00bb0&#8243; shift_y_down=\u00bb0&#8243; z_index=\u00bb0&#8243; medium_width=\u00bb0&#8243; mobile_width=\u00bb0&#8243; width=\u00bb1\/1&#8243; uncode_shortcode_id=\u00bb137155&#8243;][vc_row_inner][vc_column_inner column_width_percent=\u00bb100&#8243; position_horizontal=\u00bbleft\u00bb position_vertical=\u00bbmiddle\u00bb gutter_size=\u00bb3&#8243; overlay_alpha=\u00bb50&#8243; shift_x=\u00bb0&#8243; shift_y=\u00bb0&#8243; shift_y_down=\u00bb0&#8243; z_index=\u00bb0&#8243; medium_width=\u00bb0&#8243; mobile_width=\u00bb0&#8243; width=\u00bb1\/2&#8243; uncode_shortcode_id=\u00bb130614&#8243;][vc_single_image media=\u00bb167611&#8243; media_width_percent=\u00bb100&#8243; uncode_shortcode_id=\u00bb184333&#8243;][\/vc_column_inner][vc_column_inner column_width_percent=\u00bb100&#8243; position_vertical=\u00bbmiddle\u00bb gutter_size=\u00bb3&#8243; overlay_alpha=\u00bb50&#8243; shift_x=\u00bb0&#8243; shift_y=\u00bb0&#8243; shift_y_down=\u00bb0&#8243; z_index=\u00bb0&#8243; medium_width=\u00bb0&#8243; mobile_width=\u00bb0&#8243; width=\u00bb1\/2&#8243; uncode_shortcode_id=\u00bb405247&#8243;][vc_custom_heading text_font=\u00bbfont-161747&#8243; text_size=\u00bbh1&#8243; text_weight=\u00bb800&#8243; text_transform=\u00bbuppercase\u00bb uncode_shortcode_id=\u00bb215836&#8243;]Custodias a bordo[\/vc_custom_heading][vc_column_text uncode_shortcode_id=\u00bb854883&#8243;]Un oficial viaja dentro de la unidad para proteger al operador y la carga. Especial para mercanc\u00eda delicada o entregas urbanas donde se requiere presencia directa.<br \/>\n[\/vc_column_text][uncode_list icon=\u00bbfa fa-angle-right\u00bb icon_color=\u00bbcolor-876026&#8243; uncode_shortcode_id=\u00bb930804&#8243; icon_color_type=\u00bbuncode-palette\u00bb]<\/p>\n<ul>\n<li>Presencia disuasiva<\/li>\n<li>Comunicaci\u00f3n directa con monitoreo<\/li>\n<li>Mayor seguridad para el operador<\/li>\n<\/ul>\n<p>[\/uncode_list][\/vc_column_inner][\/vc_row_inner][\/vc_column][\/vc_row][vc_row row_height_percent=\u00bb82&#8243; override_padding=\u00bbyes\u00bb h_padding=\u00bb2&#8243; top_padding=\u00bb6&#8243; bottom_padding=\u00bb6&#8243; back_image=\u00bb167495&#8243; overlay_alpha=\u00bb50&#8243; gutter_size=\u00bb3&#8243; column_width_percent=\u00bb100&#8243; shift_y=\u00bb0&#8243; z_index=\u00bb0&#8243; content_parallax=\u00bb0&#8243; uncode_shortcode_id=\u00bb382472&#8243;][vc_column width=\u00bb1\/1&#8243;][vc_row_inner][vc_column_inner width=\u00bb1\/2&#8243;][\/vc_column_inner][vc_column_inner column_width_percent=\u00bb100&#8243; position_vertical=\u00bbmiddle\u00bb gutter_size=\u00bb3&#8243; overlay_alpha=\u00bb50&#8243; shift_x=\u00bb0&#8243; shift_y=\u00bb0&#8243; shift_y_down=\u00bb0&#8243; z_index=\u00bb0&#8243; medium_width=\u00bb0&#8243; mobile_width=\u00bb0&#8243; width=\u00bb1\/2&#8243; uncode_shortcode_id=\u00bb192729&#8243;][vc_custom_heading text_font=\u00bbfont-161747&#8243; text_size=\u00bbh1&#8243; text_weight=\u00bb800&#8243; text_transform=\u00bbuppercase\u00bb uncode_shortcode_id=\u00bb124806&#8243;]Custodias con oficiales de seguridad armados[\/vc_custom_heading][vc_column_text uncode_shortcode_id=\u00bb191761&#8243;]Asignamos el perfil adecuado seg\u00fan tu mercanc\u00eda, zona y<br \/>\nhorario.[\/vc_column_text][uncode_list icon=\u00bbfa fa-angle-right\u00bb icon_color=\u00bbcolor-876026&#8243; uncode_shortcode_id=\u00bb151605&#8243; icon_color_type=\u00bbuncode-palette\u00bb]<\/p>\n<ul>\n<li><strong>Armados:<\/strong> para traslados de alto valor o zonas con mayor \u00edndice delictivo.<\/li>\n<li>Siempre bajo protocolos internos y control de la<br \/>\noperaci\u00f3n.<\/li>\n<\/ul>\n<p>[\/uncode_list][\/vc_column_inner][\/vc_row_inner][\/vc_column][\/vc_row][vc_row row_height_percent=\u00bb0&#8243; override_padding=\u00bbyes\u00bb h_padding=\u00bb2&#8243; top_padding=\u00bb3&#8243; bottom_padding=\u00bb3&#8243; overlay_alpha=\u00bb50&#8243; gutter_size=\u00bb3&#8243; column_width_percent=\u00bb100&#8243; shift_y=\u00bb0&#8243; z_index=\u00bb2&#8243; bottom_divider=\u00bbswoosh-opacity\u00bb content_parallax=\u00bb0&#8243; uncode_shortcode_id=\u00bb178275&#8243;][vc_column column_width_use_pixel=\u00bbyes\u00bb position_vertical=\u00bbmiddle\u00bb align_horizontal=\u00bbalign_center\u00bb gutter_size=\u00bb3&#8243; overlay_alpha=\u00bb50&#8243; shift_x=\u00bb0&#8243; shift_y=\u00bb0&#8243; shift_y_down=\u00bb0&#8243; shift_y_down_fixed=\u00bbyes\u00bb z_index=\u00bb0&#8243; medium_width=\u00bb0&#8243; align_mobile=\u00bbalign_center_mobile\u00bb mobile_width=\u00bb0&#8243; width=\u00bb1\/1&#8243; column_width_pixel=\u00bb900&#8243;][vc_row_inner][vc_column_inner column_width_use_pixel=\u00bbyes\u00bb align_horizontal=\u00bbalign_center\u00bb gutter_size=\u00bb2&#8243; override_padding=\u00bbyes\u00bb column_padding=\u00bb0&#8243; overlay_alpha=\u00bb50&#8243; shift_x=\u00bb0&#8243; shift_y=\u00bb0&#8243; shift_y_down=\u00bb0&#8243; z_index=\u00bb0&#8243; medium_width=\u00bb0&#8243; mobile_width=\u00bb0&#8243; width=\u00bb1\/1&#8243; column_width_pixel=\u00bb900&#8243;][vc_custom_heading text_font=\u00bbfont-161747&#8243; text_transform=\u00bbuppercase\u00bb uncode_shortcode_id=\u00bb965852&#8243;]Monitoreo GPS[\/vc_custom_heading][vc_column_text uncode_shortcode_id=\u00bb183230&#8243;]En el traslado de valores, la informaci\u00f3n es tan cr\u00edtica como el blindaje. Entendemos que la incertidumbre es el mayor enemigo de su operaci\u00f3n log\u00edstica. Por ello, hemos integrado tecnolog\u00eda de rastreo satelital (GPS) de \u00faltima generaci\u00f3n en el 100% de nuestra flota blindada. Creamos geocercas y rutas inteligentes.[\/vc_column_text][\/vc_column_inner][\/vc_row_inner][vc_row_inner][vc_column_inner column_width_percent=\u00bb100&#8243; align_horizontal=\u00bbalign_center\u00bb gutter_size=\u00bb3&#8243; override_padding=\u00bbyes\u00bb column_padding=\u00bb0&#8243; overlay_alpha=\u00bb50&#8243; shift_x=\u00bb0&#8243; shift_y=\u00bb0&#8243; shift_y_down=\u00bb0&#8243; z_index=\u00bb0&#8243; medium_width=\u00bb0&#8243; mobile_width=\u00bb0&#8243; width=\u00bb1\/1&#8243;][vc_single_image media=\u00bb167568&#8243; media_width_percent=\u00bb100&#8243; media_ratio=\u00bbsixteen-nine\u00bb shadow=\u00bbyes\u00bb shadow_weight=\u00bblg\u00bb uncode_shortcode_id=\u00bb848343&#8243;][\/vc_column_inner][\/vc_row_inner][\/vc_column][\/vc_row]<\/p>\n<\/div>","protected":false},"excerpt":{"rendered":"<p>[vc_row row_height_percent=\u00bb100&#8243; override_padding=\u00bbyes\u00bb h_padding=\u00bb2&#8243; top_padding=\u00bb5&#8243; bottom_padding=\u00bb4&#8243; back_color=\u00bbcolor-wayh\u00bb back_image=\u00bb167593&#8243; overlay_alpha=\u00bb50&#8243; gutter_size=\u00bb3&#8243; column_width_percent=\u00bb100&#8243; shift_y=\u00bb0&#8243; z_index=\u00bb0&#8243; top_divider=\u00bbgradient\u00bb enable_bottom_divider=\u00bbdefault\u00bb bottom_divider=\u00bbgradient-strong\u00bb shape_bottom_h_use_pixel=\u00bb\u00bb shape_bottom_height=\u00bb250&#8243; shape_bottom_color=\u00bbcolor-jevc\u00bb shape_bottom_opacity=\u00bb100&#8243; [&hellip;]<\/p>\n","protected":false},"author":1,"featured_media":0,"parent":0,"menu_order":0,"comment_status":"closed","ping_status":"closed","template":"","meta":{"footnotes":""},"class_list":["post-167455","page","type-page","status-publish","hentry"],"_links":{"self":[{"href":"https:\/\/metricalmedia.mx\/moseg\/wp-json\/wp\/v2\/pages\/167455","targetHints":{"allow":["GET"]}}],"collection":[{"href":"https:\/\/metricalmedia.mx\/moseg\/wp-json\/wp\/v2\/pages"}],"about":[{"href":"https:\/\/metricalmedia.mx\/moseg\/wp-json\/wp\/v2\/types\/page"}],"author":[{"embeddable":true,"href":"https:\/\/metricalmedia.mx\/moseg\/wp-json\/wp\/v2\/users\/1"}],"replies":[{"embeddable":true,"href":"https:\/\/metricalmedia.mx\/moseg\/wp-json\/wp\/v2\/comments?post=167455"}],"version-history":[{"count":41,"href":"https:\/\/metricalmedia.mx\/moseg\/wp-json\/wp\/v2\/pages\/167455\/revisions"}],"predecessor-version":[{"id":167658,"href":"https:\/\/metricalmedia.mx\/moseg\/wp-json\/wp\/v2\/pages\/167455\/revisions\/167658"}],"wp:attachment":[{"href":"https:\/\/metricalmedia.mx\/moseg\/wp-json\/wp\/v2\/media?parent=167455"}],"curies":[{"name":"wp","href":"https:\/\/api.w.org\/{rel}","templated":true}]}}