{"id":75812,"date":"2019-01-03T17:55:17","date_gmt":"2019-01-03T16:55:17","guid":{"rendered":"https:\/\/undsgn.com\/uncode\/?page_id=75812"},"modified":"2026-01-23T15:49:45","modified_gmt":"2026-01-23T15:49:45","slug":"inicio","status":"publish","type":"page","link":"https:\/\/metricalmedia.mx\/moseg\/inicio\/","title":{"rendered":"Inicio Moseg"},"content":{"rendered":"<div class=\"wpb-content-wrapper\"><p>[vc_row unlock_row_content=\u00bbyes\u00bb row_height_percent=\u00bb100&#8243; override_padding=\u00bbyes\u00bb h_padding=\u00bb2&#8243; top_padding=\u00bb5&#8243; bottom_padding=\u00bb3&#8243; back_color=\u00bbcolor-wayh\u00bb back_image=\u00bb167636&#8243; back_position=\u00bbcenter center\u00bb overlay_alpha=\u00bb50&#8243; gutter_size=\u00bb3&#8243; column_width_percent=\u00bb100&#8243; shift_y=\u00bb0&#8243; z_index=\u00bb0&#8243; enable_top_divider=\u00bbdefault\u00bb top_divider=\u00bbgradient-soft\u00bb shape_top_h_use_pixel=\u00bb\u00bb shape_top_height=\u00bb300&#8243; shape_top_color=\u00bbcolor-jevc\u00bb shape_top_opacity=\u00bb100&#8243; shape_top_index=\u00bb0&#8243; enable_bottom_divider=\u00bbdefault\u00bb bottom_divider=\u00bbgradient-strong\u00bb shape_bottom_h_use_pixel=\u00bb\u00bb shape_bottom_height=\u00bb500&#8243; shape_bottom_color=\u00bbcolor-jevc\u00bb shape_bottom_opacity=\u00bb100&#8243; shape_bottom_index=\u00bb0&#8243; content_parallax=\u00bb0&#8243; uncode_shortcode_id=\u00bb595501&#8243; back_color_type=\u00bbuncode-palette\u00bb shape_bottom_color_type=\u00bbuncode-palette\u00bb shape_top_color_type=\u00bbuncode-palette\u00bb][vc_column column_width_percent=\u00bb100&#8243; position_vertical=\u00bbmiddle\u00bb gutter_size=\u00bb2&#8243; style=\u00bbdark\u00bb overlay_alpha=\u00bb50&#8243; shift_x=\u00bb0&#8243; shift_y=\u00bb0&#8243; shift_y_down=\u00bb0&#8243; z_index=\u00bb0&#8243; medium_width=\u00bb0&#8243; mobile_width=\u00bb0&#8243; width=\u00bb1\/1&#8243;][vc_row_inner row_inner_height_percent=\u00bb0&#8243; force_width_grid=\u00bbyes\u00bb overlay_alpha=\u00bb50&#8243; gutter_size=\u00bb3&#8243; shift_y=\u00bb0&#8243; z_index=\u00bb0&#8243; uncode_shortcode_id=\u00bb126343&#8243;][vc_column_inner column_width_percent=\u00bb100&#8243; position_vertical=\u00bbmiddle\u00bb gutter_size=\u00bb3&#8243; overlay_alpha=\u00bb50&#8243; shift_x=\u00bb0&#8243; shift_y=\u00bb0&#8243; shift_y_down=\u00bb0&#8243; z_index=\u00bb0&#8243; medium_width=\u00bb0&#8243; mobile_width=\u00bb0&#8243; width=\u00bb1\/2&#8243; uncode_shortcode_id=\u00bb150520&#8243;][vc_custom_heading heading_semantic=\u00bbh1&#8243; text_font=\u00bbfont-161747&#8243; text_size=\u00bbfontsize-155944&#8243; text_weight=\u00bb800&#8243; text_transform=\u00bbuppercase\u00bb uncode_shortcode_id=\u00bb889098&#8243;]Traslado de Valores y Custodia de Efectivo con M\u00e1xima Seguridad[\/vc_custom_heading][vc_column_text text_lead=\u00bbyes\u00bb uncode_shortcode_id=\u00bb341021&#8243;]En MOSEG optimizamos el flujo de tu efectivo mediante recolecci\u00f3n, proceso y entrega de valores con la flota blindada m\u00e1s eficiente del mercado.[\/vc_column_text][vc_button button_color=\u00bbcolor-876026&#8243; radius=\u00bbbtn-round\u00bb border_width=\u00bb0&#8243; button_color_type=\u00bbuncode-palette\u00bb uncode_shortcode_id=\u00bb614461&#8243;]Solicitar cotizaci\u00f3n[\/vc_button][\/vc_column_inner][vc_column_inner width=\u00bb1\/2&#8243;][vc_single_image media=\u00bb167641&#8243; media_width_percent=\u00bb100&#8243; uncode_shortcode_id=\u00bb172696&#8243;][\/vc_column_inner][\/vc_row_inner][\/vc_column][\/vc_row][vc_row row_height_percent=\u00bb0&#8243; override_padding=\u00bbyes\u00bb h_padding=\u00bb2&#8243; top_padding=\u00bb4&#8243; bottom_padding=\u00bb4&#8243; overlay_alpha=\u00bb50&#8243; gutter_size=\u00bb3&#8243; column_width_percent=\u00bb100&#8243; shift_y=\u00bb0&#8243; z_index=\u00bb0&#8243; content_parallax=\u00bb0&#8243; uncode_shortcode_id=\u00bb119475&#8243;][vc_column width=\u00bb1\/4&#8243;][vc_custom_heading text_font=\u00bbfont-161747&#8243; text_size=\u00bbh1&#8243; text_weight=\u00bb800&#8243; text_transform=\u00bbuppercase\u00bb uncode_shortcode_id=\u00bb153766&#8243;]\u00bfPor qu\u00e9 elegirnos?[\/vc_custom_heading][\/vc_column][vc_column width=\u00bb3\/4&#8243;][uncode_list icon=\u00bbfa fa-chevron-right\u00bb icon_color=\u00bbcolor-876026&#8243; uncode_shortcode_id=\u00bb201236&#8243; icon_color_type=\u00bbuncode-palette\u00bb]<\/p>\n<ul>\n<li>Al contratar una empresa especializada en Traslado y Protecci\u00f3n de valores usted obtiene beneficios inmediatos que contribuyen a robustecer su operaci\u00f3n y generarle tranquilidad.<\/li>\n<li>Contamos con una Flotilla de Camiones Blindados con Tecnolog\u00eda de punta para estar permanentemente ubicados, Custodios con capacitaci\u00f3n y pr\u00e1ctica frecuente en el uso de armamento, lo que nos permite disminuir riesgos y dar la seguridad que nuestros clientes demandan.<\/li>\n<li>De manera adicional cuenta usted con la Garant\u00eda y respaldo para que los bienes y valores puestos a nuestro cuidado lleguen a su destino.<\/li>\n<\/ul>\n<p>[\/uncode_list][\/vc_column][\/vc_row][vc_row][vc_column column_width_percent=\u00bb100&#8243; align_horizontal=\u00bbalign_center\u00bb gutter_size=\u00bb3&#8243; overlay_alpha=\u00bb50&#8243; shift_x=\u00bb0&#8243; shift_y=\u00bb0&#8243; shift_y_down=\u00bb0&#8243; z_index=\u00bb0&#8243; medium_width=\u00bb0&#8243; mobile_width=\u00bb0&#8243; width=\u00bb1\/1&#8243; uncode_shortcode_id=\u00bb151530&#8243;][vc_custom_heading text_font=\u00bbfont-161747&#8243; text_size=\u00bbh1&#8243; text_weight=\u00bb800&#8243; text_transform=\u00bbuppercase\u00bb uncode_shortcode_id=\u00bb205031&#8243;]nuestros servicios[\/vc_custom_heading][\/vc_column][\/vc_row][vc_row row_height_percent=\u00bb70&#8243; override_padding=\u00bbyes\u00bb h_padding=\u00bb2&#8243; top_padding=\u00bb5&#8243; bottom_padding=\u00bb5&#8243; back_image=\u00bb167539&#8243; overlay_alpha=\u00bb50&#8243; gutter_size=\u00bb3&#8243; column_width_percent=\u00bb100&#8243; shift_y=\u00bb0&#8243; z_index=\u00bb0&#8243; content_parallax=\u00bb0&#8243; uncode_shortcode_id=\u00bb621992&#8243;][vc_column width=\u00bb1\/1&#8243;][vc_row_inner row_inner_height_percent=\u00bb0&#8243; overlay_alpha=\u00bb50&#8243; gutter_size=\u00bb3&#8243; shift_y=\u00bb0&#8243; z_index=\u00bb0&#8243; uncode_shortcode_id=\u00bb688223&#8243; row_height_pixel=\u00bb500&#8243;][vc_column_inner width=\u00bb1\/2&#8243;][\/vc_column_inner][vc_column_inner column_width_percent=\u00bb100&#8243; position_vertical=\u00bbmiddle\u00bb gutter_size=\u00bb3&#8243; style=\u00bbdark\u00bb back_color=\u00bbcolor-jevc\u00bb overlay_alpha=\u00bb50&#8243; shift_x=\u00bb0&#8243; shift_y=\u00bb0&#8243; shift_y_down=\u00bb0&#8243; z_index=\u00bb0&#8243; medium_width=\u00bb0&#8243; mobile_width=\u00bb0&#8243; width=\u00bb1\/2&#8243; uncode_shortcode_id=\u00bb129123&#8243; back_color_type=\u00bbuncode-palette\u00bb][vc_custom_heading heading_semantic=\u00bbdiv\u00bb text_font=\u00bbfont-161747&#8243; text_size=\u00bbh1&#8243; text_weight=\u00bb800&#8243; text_transform=\u00bbuppercase\u00bb uncode_shortcode_id=\u00bb194987&#8243;]Traslado de Valores[\/vc_custom_heading][vc_column_text uncode_shortcode_id=\u00bb152914&#8243;]Transportamos efectivo y bienes de alto valor con unidades blindadas, personal armado y certificado, monitoreo GPS en tiempo real, garantizando m\u00e1xima seguridad, control y puntualidad en el traslado y entrega de cada operaci\u00f3n.[\/vc_column_text][uncode_list icon=\u00bbfa fa-chevron-right\u00bb icon_color=\u00bbcolor-876026&#8243; uncode_shortcode_id=\u00bb928663&#8243; icon_color_type=\u00bbuncode-palette\u00bb]<\/p>\n<ul>\n<li>Recolecciones y entrega de valores<\/li>\n<li>Procesamiento y administraci\u00f3n de efectivo<\/li>\n<\/ul>\n<p>[\/uncode_list][vc_button button_color=\u00bbcolor-876026&#8243; radius=\u00bbbtn-round\u00bb border_width=\u00bb0&#8243; button_color_type=\u00bbuncode-palette\u00bb uncode_shortcode_id=\u00bb143810&#8243; link=\u00bburl:https%3A%2F%2Fmetricalmedia.mx%2Fmoseg%2Ftrasladodevalores%2F|title:Traslado%20de%20valores\u00bb]Ver m\u00e1s[\/vc_button][\/vc_column_inner][\/vc_row_inner][\/vc_column][\/vc_row][vc_row row_height_percent=\u00bb0&#8243; override_padding=\u00bbyes\u00bb h_padding=\u00bb2&#8243; top_padding=\u00bb5&#8243; bottom_padding=\u00bb5&#8243; back_image=\u00bb167623&#8243; overlay_alpha=\u00bb50&#8243; gutter_size=\u00bb3&#8243; column_width_percent=\u00bb100&#8243; shift_y=\u00bb0&#8243; z_index=\u00bb0&#8243; content_parallax=\u00bb0&#8243; uncode_shortcode_id=\u00bb139490&#8243;][vc_column width=\u00bb1\/1&#8243;][vc_row_inner][vc_column_inner column_width_percent=\u00bb100&#8243; gutter_size=\u00bb3&#8243; style=\u00bbdark\u00bb back_color=\u00bbcolor-jevc\u00bb overlay_alpha=\u00bb50&#8243; shift_x=\u00bb0&#8243; shift_y=\u00bb0&#8243; shift_y_down=\u00bb0&#8243; z_index=\u00bb0&#8243; medium_width=\u00bb0&#8243; mobile_width=\u00bb0&#8243; width=\u00bb1\/2&#8243; uncode_shortcode_id=\u00bb109005&#8243; back_color_type=\u00bbuncode-palette\u00bb][vc_custom_heading heading_semantic=\u00bbdiv\u00bb text_font=\u00bbfont-161747&#8243; text_size=\u00bbh1&#8243; text_weight=\u00bb800&#8243; text_transform=\u00bbuppercase\u00bb uncode_shortcode_id=\u00bb106262&#8243;]Custodia al transporte y bienes de alto valor[\/vc_custom_heading][uncode_list icon=\u00bbfa fa-chevron-right\u00bb icon_color=\u00bbcolor-876026&#8243; uncode_shortcode_id=\u00bb533752&#8243; icon_color_type=\u00bbuncode-palette\u00bb]<\/p>\n<ul>\n<li>Custodia en transito<\/li>\n<li>Custodias a bordo<\/li>\n<li>Corredores seguros<\/li>\n<li>Custodias con Oficiales de seguridad armados<\/li>\n<\/ul>\n<p>[\/uncode_list][vc_button button_color=\u00bbcolor-876026&#8243; radius=\u00bbbtn-round\u00bb border_width=\u00bb0&#8243; button_color_type=\u00bbuncode-palette\u00bb uncode_shortcode_id=\u00bb411856&#8243;]Ver m\u00e1s[\/vc_button][\/vc_column_inner][vc_column_inner width=\u00bb1\/2&#8243;][\/vc_column_inner][\/vc_row_inner][\/vc_column][\/vc_row][vc_row row_height_percent=\u00bb0&#8243; override_padding=\u00bbyes\u00bb h_padding=\u00bb2&#8243; top_padding=\u00bb5&#8243; bottom_padding=\u00bb0&#8243; back_image=\u00bb167330&#8243; overlay_alpha=\u00bb50&#8243; gutter_size=\u00bb4&#8243; column_width_percent=\u00bb100&#8243; shift_y=\u00bb0&#8243; z_index=\u00bb0&#8243; content_parallax=\u00bb0&#8243; uncode_shortcode_id=\u00bb179438&#8243;][vc_column column_width_percent=\u00bb100&#8243; gutter_size=\u00bb3&#8243; overlay_alpha=\u00bb50&#8243; shift_x=\u00bb0&#8243; shift_y=\u00bb0&#8243; shift_y_down=\u00bb0&#8243; z_index=\u00bb0&#8243; medium_width=\u00bb0&#8243; mobile_width=\u00bb0&#8243; width=\u00bb7\/12&#8243;][vc_single_image media=\u00bb167544&#8243; media_width_percent=\u00bb100&#8243; media_ratio=\u00bbfour-three\u00bb shadow=\u00bbyes\u00bb uncode_shortcode_id=\u00bb213512&#8243;][\/vc_column][vc_column column_width_percent=\u00bb80&#8243; position_horizontal=\u00bbleft\u00bb position_vertical=\u00bbmiddle\u00bb gutter_size=\u00bb2&#8243; overlay_alpha=\u00bb50&#8243; shift_x=\u00bb0&#8243; shift_y=\u00bb0&#8243; shift_y_down=\u00bb0&#8243; z_index=\u00bb0&#8243; align_medium=\u00bbalign_center_tablet\u00bb medium_width=\u00bb0&#8243; align_mobile=\u00bbalign_center_mobile\u00bb mobile_width=\u00bb0&#8243; width=\u00bb5\/12&#8243; uncode_shortcode_id=\u00bb393420&#8243;][vc_custom_heading heading_semantic=\u00bbdiv\u00bb text_font=\u00bbfont-161747&#8243; text_size=\u00bbh1&#8243; text_weight=\u00bb800&#8243; text_transform=\u00bbuppercase\u00bb uncode_shortcode_id=\u00bb169640&#8243;]ATENCI\u00d3N A CAJEROS AUTOM\u00c1TICOS[\/vc_custom_heading][\/vc_column][\/vc_row][vc_row row_height_percent=\u00bb0&#8243; override_padding=\u00bbyes\u00bb h_padding=\u00bb2&#8243; top_padding=\u00bb0&#8243; bottom_padding=\u00bb5&#8243; back_image=\u00bb167421&#8243; back_position=\u00bbcenter bottom\u00bb overlay_alpha=\u00bb50&#8243; gutter_size=\u00bb0&#8243; column_width_percent=\u00bb100&#8243; shift_y=\u00bb0&#8243; z_index=\u00bb1&#8243; content_parallax=\u00bb0&#8243; uncode_shortcode_id=\u00bb975374&#8243;][vc_column column_width_percent=\u00bb100&#8243; gutter_size=\u00bb3&#8243; override_padding=\u00bbyes\u00bb column_padding=\u00bb3&#8243; style=\u00bbdark\u00bb back_color=\u00bbcolor-jevc\u00bb overlay_alpha=\u00bb50&#8243; shadow=\u00bblg\u00bb shift_x=\u00bb4&#8243; shift_y=\u00bb3&#8243; shift_y_down=\u00bb0&#8243; z_index=\u00bb2&#8243; align_medium=\u00bbalign_center_tablet\u00bb medium_width=\u00bb0&#8243; align_mobile=\u00bbalign_center_mobile\u00bb mobile_width=\u00bb0&#8243; width=\u00bb4\/12&#8243; uncode_shortcode_id=\u00bb108878&#8243; back_color_type=\u00bbuncode-palette\u00bb][vc_custom_heading heading_semantic=\u00bbdiv\u00bb text_font=\u00bbfont-161747&#8243; text_size=\u00bbh1&#8243; text_weight=\u00bb800&#8243; text_transform=\u00bbuppercase\u00bb uncode_shortcode_id=\u00bb109071&#8243;]RENTA DE COFRES BLINDADOS[\/vc_custom_heading][vc_button button_color=\u00bbcolor-876026&#8243; radius=\u00bbbtn-round\u00bb border_width=\u00bb0&#8243; button_color_type=\u00bbuncode-palette\u00bb uncode_shortcode_id=\u00bb487377&#8243; link=\u00bburl:https%3A%2F%2Fmetricalmedia.mx%2Fmoseg%2Fcajeros-automaticos%2F|title:Traslado%20de%20valores\u00bb]Ver m\u00e1s[\/vc_button][\/vc_column][vc_column column_width_use_pixel=\u00bbyes\u00bb gutter_size=\u00bb3&#8243; style=\u00bbdark\u00bb overlay_alpha=\u00bb50&#8243; shift_x=\u00bb2&#8243; shift_y=\u00bb-5&#8243; shift_y_down=\u00bb0&#8243; z_index=\u00bb0&#8243; medium_width=\u00bb0&#8243; mobile_width=\u00bb0&#8243; width=\u00bb8\/12&#8243; column_width_pixel=\u00bb900&#8243;][vc_empty_space empty_h=\u00bb2&#8243; desktop_visibility=\u00bbyes\u00bb][vc_single_image media=\u00bb167542&#8243; media_width_percent=\u00bb100&#8243; media_ratio=\u00bbthree-two\u00bb shadow=\u00bbyes\u00bb shadow_weight=\u00bbstd\u00bb uncode_shortcode_id=\u00bb143977&#8243;][\/vc_column][\/vc_row][vc_row row_height_percent=\u00bb50&#8243; override_padding=\u00bbyes\u00bb h_padding=\u00bb2&#8243; top_padding=\u00bb5&#8243; bottom_padding=\u00bb5&#8243; back_color=\u00bbcolor-wayh\u00bb back_image=\u00bb167273&#8243; parallax=\u00bbyes\u00bb overlay_color=\u00bbcolor-wayh\u00bb overlay_alpha=\u00bb50&#8243; gutter_size=\u00bb3&#8243; column_width_percent=\u00bb100&#8243; shift_y=\u00bb0&#8243; z_index=\u00bb2&#8243; bottom_divider=\u00bbstep_2_3&#8243; content_parallax=\u00bb0&#8243; uncode_shortcode_id=\u00bb122356&#8243; back_color_type=\u00bbuncode-palette\u00bb overlay_color_type=\u00bbuncode-palette\u00bb][vc_column column_width_use_pixel=\u00bbyes\u00bb position_vertical=\u00bbmiddle\u00bb align_horizontal=\u00bbalign_center\u00bb gutter_size=\u00bb3&#8243; style=\u00bbdark\u00bb overlay_alpha=\u00bb50&#8243; shift_x=\u00bb0&#8243; shift_y=\u00bb0&#8243; shift_y_down=\u00bb0&#8243; shift_y_down_fixed=\u00bbyes\u00bb z_index=\u00bb0&#8243; medium_width=\u00bb0&#8243; align_mobile=\u00bbalign_center_mobile\u00bb mobile_width=\u00bb0&#8243; width=\u00bb1\/1&#8243; column_width_pixel=\u00bb1000&#8243;][vc_icon icon=\u00bbfa fa-play\u00bb background_style=\u00bbfa-rounded\u00bb size=\u00bbfa-3x\u00bb icon_automatic=\u00bbyes\u00bb shadow=\u00bbyes\u00bb css_animation=\u00bbzoom-out\u00bb animation_delay=\u00bb200&#8243; uncode_shortcode_id=\u00bb343552&#8243; link=\u00bburl:https%3A%2F%2Fwww.youtube.com%2Fwatch%3Fv%3DpYf_lKe6gGw|target:_blank\u00bb][\/vc_icon][vc_custom_heading text_font=\u00bbfont-161747&#8243; text_size=\u00bbh1&#8243; text_weight=\u00bb800&#8243; text_transform=\u00bbuppercase\u00bb uncode_shortcode_id=\u00bb190972&#8243;]Video corporativo[\/vc_custom_heading][vc_column_text text_lead=\u00bbyes\u00bb uncode_shortcode_id=\u00bb883373&#8243;]Conoce nuestro video sobre nuestros servicios especializados en traslado de valores.[\/vc_column_text][\/vc_column][\/vc_row][vc_row row_height_percent=\u00bb0&#8243; override_padding=\u00bbyes\u00bb h_padding=\u00bb2&#8243; top_padding=\u00bb6&#8243; bottom_padding=\u00bb1&#8243; back_image=\u00bb167330&#8243; overlay_alpha=\u00bb50&#8243; gutter_size=\u00bb3&#8243; column_width_percent=\u00bb100&#8243; shift_y=\u00bb0&#8243; z_index=\u00bb0&#8243; content_parallax=\u00bb0&#8243; uncode_shortcode_id=\u00bb895945&#8243;][vc_column width=\u00bb1\/1&#8243;][vc_row_inner][vc_column_inner column_width_percent=\u00bb100&#8243; align_horizontal=\u00bbalign_center\u00bb gutter_size=\u00bb3&#8243; override_padding=\u00bbyes\u00bb column_padding=\u00bb3&#8243; overlay_alpha=\u00bb50&#8243; shift_x=\u00bb0&#8243; shift_y=\u00bb0&#8243; shift_y_down=\u00bb0&#8243; z_index=\u00bb0&#8243; medium_width=\u00bb0&#8243; mobile_width=\u00bb0&#8243; width=\u00bb1\/1&#8243; uncode_shortcode_id=\u00bb138030&#8243;][vc_custom_heading text_font=\u00bbfont-161747&#8243; text_size=\u00bbh1&#8243; text_weight=\u00bb800&#8243; text_transform=\u00bbuppercase\u00bb uncode_shortcode_id=\u00bb207904&#8243;]COBERTURA[\/vc_custom_heading][vc_column_text uncode_shortcode_id=\u00bb151908&#8243;]Llegamos a todo el territorio nacional con nuestros servicios de Custodia y protecci\u00f3n al transporte. [\/vc_column_text][vc_single_image media=\u00bb167269&#8243; media_width_use_pixel=\u00bbyes\u00bb alignment=\u00bbcenter\u00bb uncode_shortcode_id=\u00bb876494&#8243; media_width_pixel=\u00bb800&#8243;][\/vc_column_inner][\/vc_row_inner][\/vc_column][\/vc_row][vc_row row_height_percent=\u00bb0&#8243; override_padding=\u00bbyes\u00bb h_padding=\u00bb2&#8243; top_padding=\u00bb7&#8243; bottom_padding=\u00bb7&#8243; overlay_alpha=\u00bb50&#8243; gutter_size=\u00bb3&#8243; column_width_percent=\u00bb100&#8243; shift_y=\u00bb0&#8243; z_index=\u00bb0&#8243; content_parallax=\u00bb0&#8243; uncode_shortcode_id=\u00bb193441&#8243;][vc_column column_width_percent=\u00bb100&#8243; gutter_size=\u00bb3&#8243; style=\u00bbdark\u00bb overlay_alpha=\u00bb50&#8243; shift_x=\u00bb0&#8243; shift_y=\u00bb0&#8243; shift_y_down=\u00bb0&#8243; z_index=\u00bb0&#8243; medium_width=\u00bb0&#8243; mobile_width=\u00bb0&#8243; css_animation=\u00bbalpha-anim\u00bb animation_speed=\u00bb1600&#8243; width=\u00bb1\/1&#8243; uncode_shortcode_id=\u00bb195315&#8243;][vc_separator sep_color=\u00bbcolor-wvjs\u00bb uncode_shortcode_id=\u00bb412482&#8243; sep_color_type=\u00bbuncode-palette\u00bb][vc_row_inner row_inner_height_percent=\u00bb0&#8243; overlay_alpha=\u00bb50&#8243; gutter_size=\u00bb4&#8243; shift_y=\u00bb0&#8243; z_index=\u00bb0&#8243; limit_content=\u00bb\u00bb uncode_shortcode_id=\u00bb183965&#8243;][vc_column_inner column_width_percent=\u00bb100&#8243; gutter_size=\u00bb3&#8243; style=\u00bbdark\u00bb overlay_alpha=\u00bb50&#8243; shift_x=\u00bb0&#8243; shift_y=\u00bb0&#8243; shift_y_down=\u00bb0&#8243; z_index=\u00bb0&#8243; medium_width=\u00bb0&#8243; mobile_width=\u00bb0&#8243; width=\u00bb1\/2&#8243; uncode_shortcode_id=\u00bb851883&#8243;][vc_custom_heading text_font=\u00bbfont-161747&#8243; text_size=\u00bbh1&#8243; text_weight=\u00bb800&#8243; text_transform=\u00bbuppercase\u00bb uncode_shortcode_id=\u00bb359520&#8243;]BENEFICIOS DE CONTRATAR CON MOSEG[\/vc_custom_heading][\/vc_column_inner][vc_column_inner column_width_percent=\u00bb100&#8243; position_vertical=\u00bbbottom\u00bb gutter_size=\u00bb3&#8243; style=\u00bbdark\u00bb overlay_alpha=\u00bb50&#8243; shift_x=\u00bb0&#8243; shift_y=\u00bb0&#8243; shift_y_down=\u00bb0&#8243; z_index=\u00bb0&#8243; medium_width=\u00bb0&#8243; mobile_width=\u00bb0&#8243; width=\u00bb1\/2&#8243; uncode_shortcode_id=\u00bb178246&#8243;][vc_custom_heading heading_semantic=\u00bbh3&#8243; text_size=\u00bbh3&#8243; text_weight=\u00bb300&#8243; uncode_shortcode_id=\u00bb930209&#8243;]En <strong>MOSEG<\/strong> sabemos que cada traslado implica responsabilidad, riesgo y reputaci\u00f3n. Por eso ofrecemos esquemas de custodia dise\u00f1ados a la medida de tu operaci\u00f3n, con personal capacitado, protocolos claros y monitoreo constante. No solo acompa\u00f1amos tu carga: la hacemos llegar segura, en tiempo y con evidencia del servicio.[\/vc_custom_heading][\/vc_column_inner][\/vc_row_inner][vc_row_inner row_inner_height_percent=\u00bb0&#8243; overlay_alpha=\u00bb50&#8243; gutter_size=\u00bb4&#8243; shift_y=\u00bb0&#8243; z_index=\u00bb0&#8243; limit_content=\u00bb\u00bb uncode_shortcode_id=\u00bb114729&#8243;][vc_column_inner width=\u00bb1\/3&#8243;][vc_custom_heading text_color=\u00bbcolor-876026&#8243; heading_semantic=\u00bbdiv\u00bb text_font=\u00bbfont-161747&#8243; text_size=\u00bbh1&#8243; text_weight=\u00bb800&#8243; uncode_shortcode_id=\u00bb172230&#8243; text_color_type=\u00bbuncode-palette\u00bb]01[\/vc_custom_heading][vc_separator sep_color=\u00bbcolor-wvjs\u00bb uncode_shortcode_id=\u00bb149006&#8243; sep_color_type=\u00bbuncode-palette\u00bb][vc_custom_heading text_font=\u00bbfont-161747&#8243; text_weight=\u00bb800&#8243; text_transform=\u00bbuppercase\u00bb uncode_shortcode_id=\u00bb200781&#8243;]Seguridad<br \/>\noperativa real[\/vc_custom_heading][vc_column_text uncode_shortcode_id=\u00bb140853&#8243;]Contamos con oficiales de seguridad armados y no armados, evaluados y capacitados para reaccionar ante incidentes en ruta. Trabajamos con procedimientos establecidos que disminuyen la posibilidad de robo, p\u00e9rdida o interferencia durante el traslado.[\/vc_column_text][\/vc_column_inner][vc_column_inner width=\u00bb1\/3&#8243;][vc_custom_heading text_color=\u00bbcolor-876026&#8243; heading_semantic=\u00bbdiv\u00bb text_font=\u00bbfont-161747&#8243; text_size=\u00bbh1&#8243; text_weight=\u00bb800&#8243; uncode_shortcode_id=\u00bb622782&#8243; text_color_type=\u00bbuncode-palette\u00bb]02[\/vc_custom_heading][vc_separator sep_color=\u00bbcolor-wvjs\u00bb uncode_shortcode_id=\u00bb175690&#8243; sep_color_type=\u00bbuncode-palette\u00bb][vc_custom_heading text_font=\u00bbfont-161747&#8243; text_weight=\u00bb800&#8243; text_transform=\u00bbuppercase\u00bb uncode_shortcode_id=\u00bb149907&#8243;]Monitoreo y control del trayecto[\/vc_custom_heading][vc_column_text uncode_shortcode_id=\u00bb468042&#8243;]Integraci\u00f3n con GPS, reportes en tiempo real y puntos de control que nos permiten saber d\u00f3nde est\u00e1 tu unidad y si sigue la ruta establecida. Si hay una desviaci\u00f3n o alerta, activamos protocolos de inmediato.[\/vc_column_text][\/vc_column_inner][vc_column_inner column_width_percent=\u00bb100&#8243; gutter_size=\u00bb3&#8243; overlay_alpha=\u00bb50&#8243; shift_x=\u00bb0&#8243; shift_y=\u00bb0&#8243; shift_y_down=\u00bb0&#8243; z_index=\u00bb0&#8243; align_medium=\u00bbalign_left_tablet\u00bb medium_width=\u00bb0&#8243; align_mobile=\u00bbalign_left_mobile\u00bb mobile_width=\u00bb0&#8243; width=\u00bb1\/3&#8243; uncode_shortcode_id=\u00bb127646&#8243;][vc_custom_heading text_color=\u00bbcolor-876026&#8243; heading_semantic=\u00bbdiv\u00bb text_font=\u00bbfont-161747&#8243; text_size=\u00bbh1&#8243; text_weight=\u00bb800&#8243; uncode_shortcode_id=\u00bb330076&#8243; text_color_type=\u00bbuncode-palette\u00bb]03[\/vc_custom_heading][vc_separator sep_color=\u00bbcolor-wvjs\u00bb uncode_shortcode_id=\u00bb137430&#8243; sep_color_type=\u00bbuncode-palette\u00bb][vc_custom_heading text_font=\u00bbfont-161747&#8243; text_weight=\u00bb800&#8243; text_transform=\u00bbuppercase\u00bb uncode_shortcode_id=\u00bb869672&#8243;]Servicio adaptable a tu nivel de riesgo[\/vc_custom_heading][vc_column_text uncode_shortcode_id=\u00bb169858&#8243;]No todos los traslados necesitan lo mismo. Podemos asignar custodia en tr\u00e1nsito, a bordo, virtual o corredores seguros, seg\u00fan el tipo de mercanc\u00eda, la zona y el horario. As\u00ed pagas solo por el nivel de protecci\u00f3n que tu operaci\u00f3n requiere.[\/vc_column_text][\/vc_column_inner][\/vc_row_inner][\/vc_column][\/vc_row][vc_row row_height_percent=\u00bb0&#8243; override_padding=\u00bbyes\u00bb h_padding=\u00bb2&#8243; top_padding=\u00bb3&#8243; bottom_padding=\u00bb3&#8243; back_color=\u00bbcolor-nhtu\u00bb overlay_alpha=\u00bb50&#8243; gutter_size=\u00bb3&#8243; column_width_percent=\u00bb100&#8243; shift_y=\u00bb0&#8243; z_index=\u00bb0&#8243; content_parallax=\u00bb0&#8243; uncode_shortcode_id=\u00bb147227&#8243; back_color_type=\u00bbuncode-palette\u00bb][vc_column column_width_percent=\u00bb100&#8243; align_horizontal=\u00bbalign_center\u00bb gutter_size=\u00bb3&#8243; overlay_alpha=\u00bb50&#8243; shift_x=\u00bb0&#8243; shift_y=\u00bb0&#8243; shift_y_down=\u00bb0&#8243; z_index=\u00bb0&#8243; medium_width=\u00bb0&#8243; mobile_width=\u00bb0&#8243; width=\u00bb1\/1&#8243; uncode_shortcode_id=\u00bb128979&#8243;][vc_custom_heading text_font=\u00bbfont-161747&#8243; text_size=\u00bbh1&#8243; text_weight=\u00bb800&#8243; text_transform=\u00bbuppercase\u00bb uncode_shortcode_id=\u00bb105362&#8243;]PERMISOS Y CERTIFICACIONES[\/vc_custom_heading][vc_single_image media=\u00bb167328&#8243; media_width_percent=\u00bb100&#8243; uncode_shortcode_id=\u00bb733357&#8243;][\/vc_column][\/vc_row]<\/p>\n<\/div>","protected":false},"excerpt":{"rendered":"<p>[vc_row unlock_row_content=\u00bbyes\u00bb row_height_percent=\u00bb100&#8243; override_padding=\u00bbyes\u00bb h_padding=\u00bb2&#8243; top_padding=\u00bb5&#8243; bottom_padding=\u00bb3&#8243; back_color=\u00bbcolor-wayh\u00bb back_image=\u00bb167636&#8243; back_position=\u00bbcenter center\u00bb overlay_alpha=\u00bb50&#8243; gutter_size=\u00bb3&#8243; column_width_percent=\u00bb100&#8243; shift_y=\u00bb0&#8243; z_index=\u00bb0&#8243; enable_top_divider=\u00bbdefault\u00bb top_divider=\u00bbgradient-soft\u00bb shape_top_h_use_pixel=\u00bb\u00bb shape_top_height=\u00bb300&#8243; [&hellip;]<\/p>\n","protected":false},"author":1,"featured_media":0,"parent":0,"menu_order":0,"comment_status":"closed","ping_status":"closed","template":"","meta":{"footnotes":""},"class_list":["post-75812","page","type-page","status-publish","hentry"],"_links":{"self":[{"href":"https:\/\/metricalmedia.mx\/moseg\/wp-json\/wp\/v2\/pages\/75812","targetHints":{"allow":["GET"]}}],"collection":[{"href":"https:\/\/metricalmedia.mx\/moseg\/wp-json\/wp\/v2\/pages"}],"about":[{"href":"https:\/\/metricalmedia.mx\/moseg\/wp-json\/wp\/v2\/types\/page"}],"author":[{"embeddable":true,"href":"https:\/\/metricalmedia.mx\/moseg\/wp-json\/wp\/v2\/users\/1"}],"replies":[{"embeddable":true,"href":"https:\/\/metricalmedia.mx\/moseg\/wp-json\/wp\/v2\/comments?post=75812"}],"version-history":[{"count":135,"href":"https:\/\/metricalmedia.mx\/moseg\/wp-json\/wp\/v2\/pages\/75812\/revisions"}],"predecessor-version":[{"id":167648,"href":"https:\/\/metricalmedia.mx\/moseg\/wp-json\/wp\/v2\/pages\/75812\/revisions\/167648"}],"wp:attachment":[{"href":"https:\/\/metricalmedia.mx\/moseg\/wp-json\/wp\/v2\/media?parent=75812"}],"curies":[{"name":"wp","href":"https:\/\/api.w.org\/{rel}","templated":true}]}}